{"id":60,"date":"2026-04-11T12:24:24","date_gmt":"2026-04-11T12:24:24","guid":{"rendered":"https:\/\/collectif113.fr\/?page_id=60"},"modified":"2026-04-11T12:35:58","modified_gmt":"2026-04-11T12:35:58","slug":"recherche","status":"publish","type":"page","link":"https:\/\/collectif113.fr\/?page_id=60","title":{"rendered":"Recherche"},"content":{"rendered":"\n<h1 class=\"wp-block-heading has-medium-font-size\"><strong><em>Visibilisation par la recherche scientifique&nbsp;<\/em><\/strong><\/h1>\n\n\n\n<p class=\"has-small-font-size\">La nature pluridisciplinaire des membres de l\u2019association LE 113 (\u00e9ducatrices sp\u00e9cialis\u00e9es ; sociologues ; juristes\u2026) a fait \u00e9merger l\u2019id\u00e9e de production de travaux scientifiques en lien avec la probl\u00e9matique des mineurs non accompagn\u00e9s en recours et des jeunes majeurs. L&rsquo;avantage d&rsquo;\u00eatre un groupe pluridisciplinaire et d&rsquo;avoir acc\u00e8s \u00e0 diff\u00e9rents acteurs et terrains de recherche \u00e9tant donn\u00e9 les liens que nous tissons et du fait de nos actions, permettent de conjuguer production de donn\u00e9es scientifique et militantisme. Et cela, en agissant en contrepoids sur des questions polarisantes face auxquelles les v\u00e9rit\u00e9s scientifiques sont inaudibles ou tout simplement invisibilis\u00e9es. De ce fait, nous souscrivons \u00e0 l&rsquo;id\u00e9e selon laquelle, face aux questions de soci\u00e9t\u00e9, loin des passions et des appels \u00e0 la haine. L\u2019objectivit\u00e9 scientifique \u00e0 toute sa place et son r\u00f4le de phare \u00e0 assumer dans les soci\u00e9t\u00e9s.<\/p>\n\n\n\n<p class=\"has-small-font-size\">Les travaux produits prennent plusieurs formes : podcasts, articles de presse, articles scientifiques et rapports d&rsquo;enqu\u00eate et permettent d&rsquo;aborder la probl\u00e9matique des mineurs et jeunes majeurs exil\u00e9.es dans leur complexit\u00e9. Publi\u00e9es dans des m\u00e9dias \u00e0 acc\u00e8s libre, les recherches que nous mettons en ligne visent \u00e0 la visibilisation des actions du collectif 113 aupr\u00e8s d&rsquo;un large public au-del\u00e0 de Marseille et de la France. Nous nous inscrivons donc, dans un travail collaboratif avec tous m\u00e9dias d\u00e9sireux de porter nos revendications dans le respect de nos principes et du droit des jeunes que nous accompagnons.<\/p>\n\n\n\n<div class=\"wp-block-query is-layout-flow wp-block-query-is-layout-flow\"><ul class=\"wp-block-post-template is-layout-flow wp-block-post-template-is-layout-flow\"><li class=\"wp-block-post post-64 post type-post status-publish format-standard hentry category-recherche\">\n<h2 class=\"wp-block-post-title\"><a href=\"https:\/\/collectif113.fr\/?p=64\" target=\"_self\" >La probl\u00e9matique de la prise en charge des MNA au niveau national et local<\/a><\/h2>\n\n\n\n<div class=\"has-link-color wp-elements-b9906f2b03709602901481e6b67b4349 wp-block-post-excerpt has-text-color has-dark-gray-color\"><p class=\"wp-block-post-excerpt__excerpt\"> <\/p><\/div>\n\n\n<hr class=\"wp-block-separator has-css-opacity\"\/>\n\n\n<div class=\"wp-block-post-date\"><time datetime=\"2026-04-11T12:28:30+00:00\">11\/04\/2026<\/time><\/div>\n<\/li><\/ul><\/div>\n","protected":false},"excerpt":{"rendered":"<p>Visibilisation par la recherche scientifique&nbsp; La nature pluridisciplinaire des membres de l\u2019association LE 113 (\u00e9ducatrices sp\u00e9cialis\u00e9es ; sociologues ; juristes\u2026) a fait \u00e9merger l\u2019id\u00e9e de production de travaux scientifiques en lien avec la probl\u00e9matique des mineurs non accompagn\u00e9s en recours et des jeunes majeurs. L&rsquo;avantage d&rsquo;\u00eatre un groupe pluridisciplinaire et d&rsquo;avoir acc\u00e8s \u00e0 diff\u00e9rents acteurs &hellip; <a href=\"https:\/\/collectif113.fr\/?page_id=60\" class=\"more-link\">Continuer la lecture de <span class=\"screen-reader-text\">Recherche<\/span><\/a><\/p>\n","protected":false},"author":1,"featured_media":0,"parent":0,"menu_order":0,"comment_status":"closed","ping_status":"closed","template":"","meta":{"footnotes":""},"class_list":["post-60","page","type-page","status-publish","hentry"],"_links":{"self":[{"href":"https:\/\/collectif113.fr\/index.php?rest_route=\/wp\/v2\/pages\/60","targetHints":{"allow":["GET"]}}],"collection":[{"href":"https:\/\/collectif113.fr\/index.php?rest_route=\/wp\/v2\/pages"}],"about":[{"href":"https:\/\/collectif113.fr\/index.php?rest_route=\/wp\/v2\/types\/page"}],"author":[{"embeddable":true,"href":"https:\/\/collectif113.fr\/index.php?rest_route=\/wp\/v2\/users\/1"}],"replies":[{"embeddable":true,"href":"https:\/\/collectif113.fr\/index.php?rest_route=%2Fwp%2Fv2%2Fcomments&post=60"}],"version-history":[{"count":4,"href":"https:\/\/collectif113.fr\/index.php?rest_route=\/wp\/v2\/pages\/60\/revisions"}],"predecessor-version":[{"id":74,"href":"https:\/\/collectif113.fr\/index.php?rest_route=\/wp\/v2\/pages\/60\/revisions\/74"}],"wp:attachment":[{"href":"https:\/\/collectif113.fr\/index.php?rest_route=%2Fwp%2Fv2%2Fmedia&parent=60"}],"curies":[{"name":"wp","href":"https:\/\/api.w.org\/{rel}","templated":true}]}}